{"id":5,"date":"2020-11-18T16:25:58","date_gmt":"2020-11-18T16:25:58","guid":{"rendered":"https:\/\/www.malavecindad.com\/wordpress\/?page_id=5"},"modified":"2024-08-23T20:03:27","modified_gmt":"2024-08-23T20:03:27","slug":"home","status":"publish","type":"page","link":"https:\/\/www.malavecindad.com\/coliving\/","title":{"rendered":"Home"},"content":{"rendered":"\n<div class=\"wp-block-cover is-position-center-center home-1\" style=\"background-image:url(https:\/\/www.malavecindad.com\/coliving\/wp-content\/uploads\/2020\/11\/imagen-fachada-home.png);background-position:50% 50%;min-height:600px\"><div class=\"wp-block-cover__inner-container\">\n<p class=\"has-text-align-left has-large-font-size\">EN MALA VECINDAD CREEMOS EN<\/p>\n\n\n\n<p class=\"has-text-align-right has-large-font-size\"><strong>CONSTRUIR <span style=\"color:#fca432\" class=\"has-inline-color\">COMUNIDADES<\/span><\/strong><\/p>\n<\/div><\/div>\n\n\n\n<div class=\"wp-block-group home-2\"><div class=\"wp-block-group__inner-container\">\n<div id=\"coliving-mala\" class=\"wp-block-group home-1a\"><div class=\"wp-block-group__inner-container\">\n<h2 class=\"has-text-color has-large-font-size\" style=\"color:#fca432\"><strong>COLIVING MALA<\/strong><\/h2>\n\n\n\n<p class=\"has-medium-font-size\"><br>En mala vecindad creemos en construir comunidades, en crear un sentido de pertenencia y en nunca ESTAR solo. Por eso ponemos a tu disposici\u00f3n un espacio de Coliving, para que tengas un espacio seguro, c\u00f3modo e interesante; y donde adem\u00e1s, puedas en todo momento compartir una cerveza con viajeros, cerveceros y otros hu\u00e9spedes.<\/p>\n<\/div><\/div>\n\n\n\n<div class=\"wp-block-group home-1b\"><div class=\"wp-block-group__inner-container\">\n<h2 class=\"has-white-color has-text-color has-large-font-size\"><strong>POR QU\u00c9 ELEGIR<br>COLIVING EN MALA<\/strong><\/h2>\n\n\n\n<p class=\"has-white-color has-text-color has-medium-font-size\"><br>Si est\u00e1s buscando un departamento y est\u00e1s cansado de los requisitos, de los fiadores, de tener que presentar la cartilla de vacunaci\u00f3n y  43 cartas de recomendaci\u00f3n, ven a Coliving Mala Vecindad.<br><\/p>\n\n\n\n<p><\/p>\n\n\n\n<p class=\"has-white-color has-text-color has-medium-font-size\"><br>Tendr\u00e1s todo lo bueno de vivir en un hotel, con todo lo bueno de compartir un departamento y cr\u00e9enos, que no existe un edificio de departamentos que tenga un Beer House, una terraza Mala, un sal\u00f3n para conferencias, un \u00e1rea para trabajar y un ambiente como el nuestro.<\/p>\n\n\n\n<p class=\"has-white-color has-text-color has-medium-font-size\">M\u00fasica, risas, chelas, botanas&#8230; \u00a1Todo lo bueno de la vida lo encontrar\u00e1s en nuestro Coliving Mala Vecindad!<\/p>\n\n\n\n<div style=\"height:50px\" aria-hidden=\"true\" class=\"wp-block-spacer\"><\/div>\n\n\n\n<div class=\"wp-block-image\"><figure class=\"aligncenter size-full is-resized\"><img loading=\"lazy\" src=\"https:\/\/www.malavecindad.com\/coliving\/wp-content\/uploads\/2020\/11\/iconos-varios.png\" alt=\"\" class=\"wp-image-24\" width=\"797\" height=\"96\" srcset=\"https:\/\/www.malavecindad.com\/coliving\/wp-content\/uploads\/2020\/11\/iconos-varios.png 797w, https:\/\/www.malavecindad.com\/coliving\/wp-content\/uploads\/2020\/11\/iconos-varios-300x36.png 300w\" sizes=\"(max-width: 797px) 100vw, 797px\" \/><\/figure><\/div>\n<\/div><\/div>\n<\/div><\/div>\n\n\n\n<div class=\"wp-block-columns home-3\">\n<div class=\"wp-block-column\" style=\"flex-basis:66.66%\">\n<div class=\"wp-block-cover\" style=\"background-image:url(https:\/\/www.malavecindad.com\/coliving\/wp-content\/uploads\/2020\/11\/habitacion1-mv.png)\"><div class=\"wp-block-cover__inner-container\">\n<p class=\"has-text-align-center has-large-font-size\"><\/p>\n<\/div><\/div>\n<\/div>\n\n\n\n<div class=\"wp-block-column\" style=\"flex-basis:33.33%\">\n<div class=\"wp-block-image\"><figure class=\"aligncenter size-large\"><img loading=\"lazy\" width=\"169\" height=\"219\" src=\"https:\/\/www.malavecindad.com\/coliving\/wp-content\/uploads\/2020\/11\/mano-ok.png\" alt=\"\" class=\"wp-image-48\"\/><\/figure><\/div>\n\n\n\n<p style=\"font-size:56px\"><strong>Un espacio<\/strong><br><strong> seguro,<\/strong><br><strong> c\u00f3modo <\/strong><br><strong><span style=\"color:#fca432\" class=\"has-inline-color\">e interesante.<\/span><\/strong><\/p>\n<\/div>\n<\/div>\n\n\n\n<div id=\"que-es\" class=\"wp-block-group home-4\"><div class=\"wp-block-group__inner-container\">\n<div class=\"wp-block-group\"><div class=\"wp-block-group__inner-container\">\n<div class=\"wp-block-group home-4a\"><div class=\"wp-block-group__inner-container\">\n<p class=\"has-text-color has-large-font-size\" style=\"color:#fca432\"><strong>\u00bfQU\u00c9 ES EL COLIVING<br>MALA VECINDAD?<br><\/strong><\/p>\n\n\n\n<p class=\"has-white-color has-text-color has-medium-font-size\"><br>La posibilidad de quedarte en las habitaciones de&nbsp; nuestro hotel por largo plazo.<br><\/p>\n\n\n\n<p class=\"has-white-color has-text-color has-medium-font-size\"><br>Viviendo en el hotel puedes disfrutar de las instalaciones del mismo y ordenar de nuestra terraza o de nuestro restaurante.<\/p>\n<\/div><\/div>\n\n\n\n<p class=\"has-medium-font-size\">Adem\u00e1s de contar con TU PROPIA HABITACI\u00d3N Y TU PROPIO BA\u00d1O cuentas con una cocina comunitaria,&nbsp; para poder preparar tus alimentos, guardar tu yogurt o armar las chelas con otros usuarios del Coliving.<\/p>\n\n\n\n<div style=\"height:100px\" aria-hidden=\"true\" class=\"wp-block-spacer\"><\/div>\n\n\n\n<div class=\"wp-block-image\"><figure class=\"aligncenter size-large is-resized\"><img loading=\"lazy\" src=\"https:\/\/www.malavecindad.com\/coliving\/wp-content\/uploads\/2020\/11\/habitacion2-mv-1024x499.png\" alt=\"\" class=\"wp-image-62\" width=\"1024\" height=\"499\" srcset=\"https:\/\/www.malavecindad.com\/coliving\/wp-content\/uploads\/2020\/11\/habitacion2-mv-1024x499.png 1024w, https:\/\/www.malavecindad.com\/coliving\/wp-content\/uploads\/2020\/11\/habitacion2-mv-300x146.png 300w, https:\/\/www.malavecindad.com\/coliving\/wp-content\/uploads\/2020\/11\/habitacion2-mv.png 1514w\" sizes=\"(max-width: 1024px) 100vw, 1024px\" \/><\/figure><\/div>\n<\/div><\/div>\n\n\n\n<p><\/p>\n<\/div><\/div>\n\n\n\n<div class=\"wp-block-cover has-background-dim home-5\" style=\"background-color:#f73c8a;min-height:300px\"><div class=\"wp-block-cover__inner-container\">\n<p class=\"has-text-align-left home-5 has-large-font-size\">Disfruta de nuestras<br>habitaciones amuebladas<\/p>\n<\/div><\/div>\n\n\n\n<div class=\"wp-block-group home-6\"><div class=\"wp-block-group__inner-container\">\n<p class=\"has-text-align-center has-text-color has-large-font-size\" id=\"ventajas\" style=\"color:#fca432\"><strong>VENTAJAS DEL COLIVING EN MALA<\/strong><\/p>\n\n\n\n<div class=\"wp-block-columns are-vertically-aligned-top\">\n<div class=\"wp-block-column is-vertically-aligned-top\">\n<div class=\"wp-block-image\"><figure class=\"aligncenter size-large is-resized\"><img loading=\"lazy\" src=\"https:\/\/www.malavecindad.com\/coliving\/wp-content\/uploads\/2020\/11\/contrato.png\" alt=\"\" class=\"wp-image-85\" width=\"116\" height=\"116\"\/><\/figure><\/div>\n\n\n\n<p class=\"has-text-align-center\"><br>Sin requisitos,<br>fiadores o tr\u00e1mites<\/p>\n<\/div>\n\n\n\n<div class=\"wp-block-column is-vertically-aligned-top\">\n<div class=\"wp-block-image\"><figure class=\"aligncenter size-large is-resized\"><img loading=\"lazy\" src=\"https:\/\/www.malavecindad.com\/coliving\/wp-content\/uploads\/2020\/11\/contratos.png\" alt=\"\" class=\"wp-image-86\" width=\"144\" height=\"120\"\/><\/figure><\/div>\n\n\n\n<p class=\"has-text-align-center\"><br>La posibilidad de quedarte de 1 mes en adelante<\/p>\n<\/div>\n\n\n\n<div class=\"wp-block-column is-vertically-aligned-top\">\n<div class=\"wp-block-image\"><figure class=\"aligncenter size-large is-resized\"><img loading=\"lazy\" src=\"https:\/\/www.malavecindad.com\/coliving\/wp-content\/uploads\/2020\/11\/bacik-ofice.png\" alt=\"\" class=\"wp-image-87\" width=\"124\" height=\"124\"\/><\/figure><\/div>\n\n\n\n<p class=\"has-text-align-center\"><br>Contar con servicios de<br>Front Desk<\/p>\n<\/div>\n\n\n\n<div class=\"wp-block-column is-vertically-aligned-top\">\n<div class=\"wp-block-image\"><figure class=\"aligncenter size-large is-resized\"><img loading=\"lazy\" src=\"https:\/\/www.malavecindad.com\/coliving\/wp-content\/uploads\/2020\/11\/seguridad.png\" alt=\"\" class=\"wp-image-88\" width=\"93\" height=\"116\"\/><\/figure><\/div>\n\n\n\n<p class=\"has-text-align-center\"><br>Seguridad de hospedarte en un hotel<\/p>\n<\/div>\n\n\n\n<div class=\"wp-block-column is-vertically-aligned-top\">\n<div class=\"wp-block-image\"><figure class=\"aligncenter size-large is-resized\"><img loading=\"lazy\" src=\"https:\/\/www.malavecindad.com\/coliving\/wp-content\/uploads\/2020\/11\/agua-caliente.png\" alt=\"\" class=\"wp-image-89\" width=\"118\" height=\"118\"\/><\/figure><\/div>\n\n\n\n<p class=\"has-text-align-center\"><br>Agua Caliente<\/p>\n<\/div>\n<\/div>\n\n\n\n<div class=\"wp-block-columns are-vertically-aligned-top\">\n<div class=\"wp-block-column is-vertically-aligned-top\">\n<div class=\"wp-block-image\"><figure class=\"aligncenter size-large is-resized\"><img src=\"https:\/\/www.malavecindad.com\/coliving\/wp-content\/uploads\/2020\/11\/cocina.png\" alt=\"\" class=\"wp-image-102\" height=\"96\"\/><\/figure><\/div>\n\n\n\n<p class=\"has-text-align-center\"><br>Cocina Com\u00fan y espacio de convivencia<\/p>\n<\/div>\n\n\n\n<div class=\"wp-block-column is-vertically-aligned-top\">\n<div class=\"wp-block-image\"><figure class=\"aligncenter size-large is-resized\"><img src=\"https:\/\/www.malavecindad.com\/coliving\/wp-content\/uploads\/2020\/11\/office.png\" alt=\"\" class=\"wp-image-100\" height=\"96\"\/><\/figure><\/div>\n\n\n\n<p class=\"has-text-align-center\"><br>Espacio para Coworking<\/p>\n<\/div>\n\n\n\n<div class=\"wp-block-column is-vertically-aligned-top\">\n<div class=\"wp-block-image\"><figure class=\"aligncenter size-large is-resized\"><img src=\"https:\/\/www.malavecindad.com\/coliving\/wp-content\/uploads\/2020\/11\/internet.png\" alt=\"\" class=\"wp-image-99\" height=\"96\"\/><\/figure><\/div>\n\n\n\n<p class=\"has-text-align-center\"><br>Internet WIFI<\/p>\n<\/div>\n\n\n\n<div class=\"wp-block-column is-vertically-aligned-top\">\n<div class=\"wp-block-image\"><figure class=\"aligncenter size-large\"><img loading=\"lazy\" width=\"97\" height=\"96\" src=\"https:\/\/www.malavecindad.com\/coliving\/wp-content\/uploads\/2020\/11\/bano.png\" alt=\"\" class=\"wp-image-101\"\/><\/figure><\/div>\n\n\n\n<p class=\"has-text-align-center\"><br>Ba\u00f1o propio<\/p>\n<\/div>\n<\/div>\n\n\n\n<div class=\"wp-block-cover aligncenter is-position-center-center\" style=\"background-image:url(https:\/\/www.malavecindad.com\/coliving\/wp-content\/uploads\/2020\/11\/recurso3-mv.png)\"><div class=\"wp-block-cover__inner-container\">\n<p class=\"has-text-align-center has-huge-font-size\"><strong>\u00a1Todo lo <span style=\"color:#fca432\" class=\"has-inline-color\">bueno de la vida<\/span><br>lo encontrar\u00e1s en nuestro<br>Coliving Mala Vecindad!<\/strong><\/p>\n<\/div><\/div>\n\n\n\n<p><\/p>\n<\/div><\/div>\n\n\n\n<div id=\"habitaciones\" class=\"wp-block-group\"><div class=\"wp-block-group__inner-container\">\n<div class=\"wp-block-group home-7\"><div class=\"wp-block-group__inner-container\">\n<p class=\"has-text-align-center has-text-color has-large-font-size\" style=\"color:#fca432\"><strong>HABITACIONES Y PRECIOS<\/strong><\/p>\n\n\n\n<div class=\"wp-block-columns\">\n<div class=\"wp-block-column\">\n<div class=\"wp-block-image\"><figure class=\"aligncenter size-large\"><img loading=\"lazy\" width=\"441\" height=\"336\" src=\"https:\/\/www.malavecindad.com\/coliving\/wp-content\/uploads\/2020\/11\/junior-suite.png\" alt=\"\" class=\"wp-image-107\" srcset=\"https:\/\/www.malavecindad.com\/coliving\/wp-content\/uploads\/2020\/11\/junior-suite.png 441w, https:\/\/www.malavecindad.com\/coliving\/wp-content\/uploads\/2020\/11\/junior-suite-300x229.png 300w\" sizes=\"(max-width: 441px) 100vw, 441px\" \/><\/figure><\/div>\n\n\n\n<p class=\"has-text-align-center\" style=\"font-size:26px\"><br><span style=\"color:#f73c8a\" class=\"has-inline-color\"><strong>Junior Suite<\/strong><\/span><\/p>\n\n\n\n<p class=\"has-text-align-center has-medium-font-size\"><span style=\"color:#f73c8a\" class=\"has-inline-color\"><strong><br><\/strong><\/span>$7,990 pesos por mes*<\/p>\n\n\n\n<p><\/p>\n<\/div>\n\n\n\n<div class=\"wp-block-column\">\n<div class=\"wp-block-image\"><figure class=\"aligncenter size-large\"><img loading=\"lazy\" width=\"441\" height=\"362\" src=\"https:\/\/www.malavecindad.com\/coliving\/wp-content\/uploads\/2020\/11\/junior-suite-plus.png\" alt=\"\" class=\"wp-image-108\" srcset=\"https:\/\/www.malavecindad.com\/coliving\/wp-content\/uploads\/2020\/11\/junior-suite-plus.png 441w, https:\/\/www.malavecindad.com\/coliving\/wp-content\/uploads\/2020\/11\/junior-suite-plus-300x246.png 300w\" sizes=\"(max-width: 441px) 100vw, 441px\" \/><\/figure><\/div>\n\n\n\n<p class=\"has-text-align-center\" style=\"font-size:26px\"><span style=\"color:#f73c8a\" class=\"has-inline-color\"><strong>Junior Suite Plus<\/strong><\/span><\/p>\n\n\n\n<p class=\"has-text-align-center has-medium-font-size\"><span style=\"color:#f73c8a\" class=\"has-inline-color\"><strong><br><\/strong><\/span>$8,990 pesos por mes*<\/p>\n\n\n\n<p><\/p>\n<\/div>\n<\/div>\n\n\n\n<p class=\"has-text-align-center\">*Costos para 1 persona<\/p>\n<\/div><\/div>\n<\/div><\/div>\n\n\n\n<div id=\"como-rentar\" class=\"wp-block-group home-8\"><div class=\"wp-block-group__inner-container\">\n<p class=\"has-text-color\" style=\"font-size:60px;color:#fca432\"><strong>\u00bfC\u00d3MO HOSPEDARTE?<\/strong><\/p>\n\n\n\n<p class=\"has-huge-font-size\"><br><strong>Quedarse en mala vecindad<br>es s\u00faper sencillo.<\/strong><\/p>\n\n\n\n<p class=\"has-large-font-size\"><br>Ll\u00e1manos o vis\u00edtanos<br>Llena un formulario muy simple<\/p>\n\n\n\n<p class=\"has-text-color\" style=\"font-size:60px;color:#f73c8a\"><strong>\u00a1Y LISTO!<\/strong><\/p>\n\n\n\n<p class=\"has-large-font-size\">Puedes mudarte de inmediato.<\/p>\n<\/div><\/div>\n\n\n\n<p><\/p>\n\n\n\n<div class=\"wp-block-cover has-background-dim home-9\" style=\"background-color:#323e47;min-height:350px\"><div class=\"wp-block-cover__inner-container\">\n<p class=\"has-huge-font-size\"><strong>\u00a1Y lo mejor de todo es el precio!<br>Ya que el precio que pagas por estar <br><\/strong><span style=\"color:#fca432\" class=\"has-inline-color\"><strong>con nosotros incluye agua, gas y electricidad.<\/strong><\/span><span class=\"has-inline-color has-luminous-vivid-amber-color\"><strong><br><\/strong><\/span><strong>Existe un dep\u00f3sito del 50% de la renta y listo.<\/strong><\/p>\n<\/div><\/div>\n\n\n\n<div class=\"wp-block-group home-10\"><div class=\"wp-block-group__inner-container\">\n<p class=\"has-text-color has-medium-font-size\" style=\"color:#f73c8a\"><strong>\u00bfQU\u00c9 NO ME HAN DICHO?<\/strong><br><\/p>\n\n\n\n<ul><li>No somos perfectos, por favor ten en cuenta que te mudas a un hotel y que la gente va y viene.<\/li><li>Le pedimos a nuestros hu\u00e9spedes que el ruido se termine a las 11 p.m. misma situaci\u00f3n te pedimos a ti.<\/li><li>No es un departamento y por lo tanto no puedes remodelar la habitaci\u00f3n.<\/li><li>Las visitas&nbsp; pueden permanecer hasta las 10:00 p. m. posterior a esta hora su estancia en el hotel estar\u00e1 sujeta a pago de tarifa como hu\u00e9sped.<\/li><li>Las \u00e1reas comunes del hotel tienen usos espec\u00edficos que deben respetarse, en horarios de funcionamiento. No puedes organizar una fiesta por tu cuenta en la terraza, pero s\u00ed puedes contratar nuestros servicios para organizarlos.<\/li><li>Las \u00e1reas de coworking s\u00f3lo est\u00e1n destinadas a ese objeto hasta las 5:30 p.m.<\/li><li>No contamos con servicio de cable, pero nuestras televisiones son Smart TV, as\u00ed que puedes disfrutar de tu servicio de streaming favorito (con tu cuenta).<\/li><li>En estancias iguales o mayores a 30 d\u00edas el consumo de electricidad corre a cuenta del hu\u00e9sped.<\/li><li>En estancias mayores a 30 d\u00edas el hotel no proporciona blancos.<\/li><li>POR OTRO LADO lo \u00fanico que tienes que traer es tu maleta,&nbsp; tienes una cocina equipada y lista para disfrutar.<\/li><\/ul>\n<\/div><\/div>\n\n\n\n<div id=\"contacto\" class=\"wp-block-group home-11\"><div class=\"wp-block-group__inner-container\">\n<div class=\"wp-block-group\"><div class=\"wp-block-group__inner-container\">\n<p class=\"has-text-color has-huge-font-size\" style=\"color:#f73c8a\"><strong>Bienvenido a Coliving Mala Vecindad<\/strong><\/p>\n\n\n\n<div style=\"height:70px\" aria-hidden=\"true\" class=\"wp-block-spacer\"><\/div>\n\n\n\n<div class=\"wp-block-columns\">\n<div class=\"wp-block-column\" style=\"flex-basis:33.33%\">\n<p class=\"has-text-color has-huge-font-size\" style=\"color:#fca432\"><strong>Contacto<\/strong><\/p>\n\n\n\n<p class=\"href-whats has-medium-font-size\"><a rel=\"noreferrer noopener\" href=\"https:\/\/api.whatsapp.com\/send?phone=525524296404\" target=\"_blank\"><img loading=\"lazy\" width=\"37\" height=\"37\" class=\"wp-image-112\" style=\"width: 37px;\" src=\"https:\/\/www.malavecindad.com\/coliving\/wp-content\/uploads\/2020\/11\/icono-telefono.png\" alt=\"\"><img loading=\"lazy\" width=\"45\" height=\"46\" class=\"wp-image-113\" style=\"width: 45px;\" src=\"https:\/\/www.malavecindad.com\/coliving\/wp-content\/uploads\/2020\/11\/icono-whatsapp.png\" alt=\"\">55 2429 6404<\/a><\/p>\n<\/div>\n\n\n\n<div class=\"wp-block-column\" style=\"flex-basis:66.66%\">\n<iframe src=\"https:\/\/www.google.com\/maps\/embed?pb=!1m14!1m8!1m3!1d15049.438250130484!2d-99.1539207!3d19.4400584!3m2!1i1024!2i768!4f13.1!3m3!1m2!1s0x0%3A0xe061cbc4876d3254!2sMala%20Vecindad%20Beer%20Hotel!5e0!3m2!1ses!2smx!4v1605777829600!5m2!1ses!2smx\" frameborder=\"0\" style=\"border:0;\" allowfullscreen=\"\" aria-hidden=\"false\" tabindex=\"0\"><\/iframe>\n\n\n\n<p><\/p>\n<\/div>\n<\/div>\n<\/div><\/div>\n<\/div><\/div>\n\n\n\n<div class=\"wp-block-group footer\"><div class=\"wp-block-group__inner-container\">\n<div class=\"wp-block-group\"><div class=\"wp-block-group__inner-container\">\n<p class=\"has-text-align-center\">        <\/p>\n\n\n\n<div class=\"wp-block-columns\">\n<div class=\"wp-block-column\">\n<div class=\"wp-block-image\"><figure class=\"aligncenter size-large is-resized\"><a href=\"https:\/\/www.instagram.com\/colivingmalavecindad\/\" target=\"_blank\" rel=\"noopener noreferrer\"><img loading=\"lazy\" src=\"https:\/\/www.malavecindad.com\/coliving\/wp-content\/uploads\/2020\/11\/icono-instagram-mc-1.png\" alt=\"\" class=\"wp-image-237\" width=\"41\" height=\"42\"\/><\/a><\/figure><\/div>\n<\/div>\n\n\n\n<div class=\"wp-block-column\">\n<div class=\"wp-block-image\"><figure class=\"aligncenter size-large is-resized\"><a href=\"https:\/\/www.facebook.com\/malavecindadbeerhotel\" target=\"_blank\" rel=\"noopener noreferrer\"><img loading=\"lazy\" src=\"https:\/\/www.malavecindad.com\/coliving\/wp-content\/uploads\/2020\/11\/icono-facebook-mc-1.png\" alt=\"\" class=\"wp-image-238\" width=\"20\" height=\"40\"\/><\/a><\/figure><\/div>\n<\/div>\n<\/div>\n\n\n\n<div style=\"height:60px\" aria-hidden=\"true\" class=\"wp-block-spacer\"><\/div>\n\n\n\n<p class=\"has-text-align-center\">\u00a9 Derechos reservados | Mala Vecindad Beer Hotel<\/p>\n<\/div><\/div>\n\n\n\n<p><\/p>\n<\/div><\/div>\n\n\n\n<p><\/p>\n","protected":false},"excerpt":{"rendered":"<p>Un espacio seguro, c\u00f3modo e interesante.<\/p>\n","protected":false},"author":1,"featured_media":0,"parent":0,"menu_order":0,"comment_status":"closed","ping_status":"closed","template":"","meta":[],"_links":{"self":[{"href":"https:\/\/www.malavecindad.com\/coliving\/index.php\/wp-json\/wp\/v2\/pages\/5"}],"collection":[{"href":"https:\/\/www.malavecindad.com\/coliving\/index.php\/wp-json\/wp\/v2\/pages"}],"about":[{"href":"https:\/\/www.malavecindad.com\/coliving\/index.php\/wp-json\/wp\/v2\/types\/page"}],"author":[{"embeddable":true,"href":"https:\/\/www.malavecindad.com\/coliving\/index.php\/wp-json\/wp\/v2\/users\/1"}],"replies":[{"embeddable":true,"href":"https:\/\/www.malavecindad.com\/coliving\/index.php\/wp-json\/wp\/v2\/comments?post=5"}],"version-history":[{"count":152,"href":"https:\/\/www.malavecindad.com\/coliving\/index.php\/wp-json\/wp\/v2\/pages\/5\/revisions"}],"predecessor-version":[{"id":423,"href":"https:\/\/www.malavecindad.com\/coliving\/index.php\/wp-json\/wp\/v2\/pages\/5\/revisions\/423"}],"wp:attachment":[{"href":"https:\/\/www.malavecindad.com\/coliving\/index.php\/wp-json\/wp\/v2\/media?parent=5"}],"curies":[{"name":"wp","href":"https:\/\/api.w.org\/{rel}","templated":true}]}}